{"id":4636,"date":"2025-07-28T14:59:00","date_gmt":"2025-07-28T14:59:00","guid":{"rendered":"https:\/\/deluxesmiledesign.com\/?page_id=4636"},"modified":"2026-01-27T10:28:31","modified_gmt":"2026-01-27T10:28:31","slug":"affirm-2","status":"publish","type":"page","link":"https:\/\/deluxesmiledesign.com\/es\/affirm-2\/","title":{"rendered":"Affirm"},"content":{"rendered":"\t\t<div data-elementor-type=\"wp-page\" data-elementor-id=\"4636\" class=\"elementor elementor-4636\" data-elementor-settings=\"{&quot;ha_cmc_init_switcher&quot;:&quot;no&quot;}\" data-elementor-post-type=\"page\">\n\t\t\t\t<div class=\"elementor-element elementor-element-d62bb16 e-flex e-con-boxed e-con e-parent\" data-id=\"d62bb16\" data-element_type=\"container\" data-e-type=\"container\" data-settings=\"{&quot;_ha_eqh_enable&quot;:false}\">\n\t\t\t\t\t<div class=\"e-con-inner\">\n\t\t\t\t<div class=\"elementor-element elementor-element-f443f36 elementor-widget elementor-widget-heading\" data-id=\"f443f36\" data-element_type=\"widget\" data-e-type=\"widget\" data-widget_type=\"heading.default\">\n\t\t\t\t<div class=\"elementor-widget-container\">\n\t\t\t\t\t<h1 class=\"elementor-heading-title elementor-size-default\">Affirm<\/h1>\t\t\t\t<\/div>\n\t\t\t\t<\/div>\n\t\t\t\t<div class=\"elementor-element elementor-element-829652b elementor-widget elementor-widget-html\" data-id=\"829652b\" data-element_type=\"widget\" data-e-type=\"widget\" data-widget_type=\"html.default\">\n\t\t\t\t<div class=\"elementor-widget-container\">\n\t\t\t\t\t<form id=\"affirm-form\">\r\n  <label for=\"fullname\">Full Name:<\/label>\r\n  <input type=\"text\" name=\"fullname\" required>\r\n\r\n  <label for=\"email\">Email:<\/label>\r\n  <input type=\"email\" name=\"email\" required>\r\n\r\n  <label for=\"phone\">Phone Number:<\/label>\r\n  <input type=\"tel\" name=\"phone\" required placeholder=\"\" pattern=\"[0-9]{10}\">\r\n\r\n  <label for=\"amount\">Amount to be financed:<\/label>\r\n  <input type=\"number\" name=\"amount\" required min=\"50\">\r\n\r\n  <button type=\"submit\">Finance with Affirm<\/button>\r\n<\/form>\r\n<script>\r\ndocument.getElementById('affirm-form').addEventListener('submit', function(e) {\r\n  e.preventDefault();\r\n\r\n  const form = e.target;\r\n  const fullName = form.fullname.value.trim();\r\n  const email = form.email.value.trim();\r\n  const phone = form.phone.value.trim();\r\n  const amount = parseFloat(form.amount.value) * 100;\r\n\r\n  \/\/ Validaci\u00f3n de tel\u00e9fono (10 d\u00edgitos)\r\n  if (!\/^\\d{10}$\/.test(phone)) {\r\n    alert(\"Por favor ingresa un n\u00famero de tel\u00e9fono v\u00e1lido de EE. UU. (10 d\u00edgitos sin espacios ni guiones)\");\r\n    return;\r\n  }\r\n\r\n  affirm.checkout({\r\n    merchant: {\r\n      public_api_key: \"MB31BBDDZ5MHLHPU\",\r\n      user_confirmation_url: \"https:\/\/deluxesmiledesign.com\/affirm\/confirmado.php\",\r\n      user_cancel_url: \"https:\/\/deluxesmiledesign.com\/affirm-2\/\",\r\n      user_confirmation_url_action: \"POST\",\r\n      name: \"Deluxe Smile Design\"\r\n    },\r\n    shipping: {\r\n      name: { full: fullName },\r\n      address: {\r\n        street1: \"3850 Bird Rd Unit 303\",\r\n        street2: \"\",\r\n        city: \"Miami\",\r\n        region1_code: \"FL\",\r\n        postal_code: \"33146\",\r\n        country: \"USA\"\r\n      },\r\n      phone_number: phone,\r\n      email: email\r\n    },\r\n    items: [{\r\n      sku: \"serv-fin-001\",\r\n      item_url: \"https:\/\/deluxesmiledesign.com\/affirm-2\/\",\r\n      display_name: \"Financiamiento personalizado\",\r\n      unit_price: amount,\r\n      qty: 1\r\n    }],\r\n    order_id: \"orden-\" + Date.now(),\r\n    shipping_amount: 0,\r\n    tax_amount: 0,\r\n    total: amount,\r\n    currency: \"USD\"\r\n  });\r\n\r\n  affirm.checkout.open();\r\n});\r\n<\/script>\r\n\t\t\t\t<\/div>\n\t\t\t\t<\/div>\n\t\t\t\t\t<\/div>\n\t\t\t\t<\/div>\n\t\t\t\t<\/div>\n\t\t","protected":false},"excerpt":{"rendered":"<p>Affirm Full Name: Email: Phone Number: Amount to be financed: Finance with Affirm<\/p>","protected":false},"author":1,"featured_media":0,"parent":0,"menu_order":0,"comment_status":"closed","ping_status":"closed","template":"elementor_header_footer","meta":{"two_page_speed":[],"footnotes":""},"class_list":["post-4636","page","type-page","status-publish","hentry"],"yoast_head":"<!-- This site is optimized with the Yoast SEO plugin v27.1.1 - https:\/\/yoast.com\/product\/yoast-seo-wordpress\/ -->\n<title>Affirm - Deluxe Smile<\/title>\n<meta name=\"description\" content=\"Affirm       Full Name:   Email:   Phone Number:   Amount to be financed:   Finance with Affirm - Deluxe Smile\" \/>\n<meta name=\"robots\" content=\"index, follow, max-snippet:-1, max-image-preview:large, max-video-preview:-1\" \/>\n<link rel=\"canonical\" href=\"https:\/\/deluxesmiledesign.com\/es\/affirm-2\/\" \/>\n<meta property=\"og:locale\" content=\"es_ES\" \/>\n<meta property=\"og:type\" content=\"article\" \/>\n<meta property=\"og:title\" content=\"Affirm - Deluxe Smile\" \/>\n<meta property=\"og:description\" content=\"Affirm       Full Name:   Email:   Phone Number:   Amount to be financed:   Finance with Affirm - Deluxe Smile\" \/>\n<meta property=\"og:url\" content=\"https:\/\/deluxesmiledesign.com\/es\/affirm-2\/\" \/>\n<meta property=\"og:site_name\" content=\"Deluxe Smile\" \/>\n<meta property=\"article:modified_time\" content=\"2026-01-27T10:28:31+00:00\" \/>\n<meta name=\"twitter:card\" content=\"summary_large_image\" \/>\n<meta name=\"twitter:label1\" content=\"Tiempo de lectura\" \/>\n\t<meta name=\"twitter:data1\" content=\"1 minuto\" \/>\n<script type=\"application\/ld+json\" class=\"yoast-schema-graph\">{\"@context\":\"https:\/\/schema.org\",\"@graph\":[{\"@type\":\"WebPage\",\"@id\":\"https:\/\/deluxesmiledesign.com\/affirm-2\/\",\"url\":\"https:\/\/deluxesmiledesign.com\/affirm-2\/\",\"name\":\"Affirm - Deluxe Smile\",\"isPartOf\":{\"@id\":\"https:\/\/deluxesmiledesign.com\/#website\"},\"datePublished\":\"2025-07-28T14:59:00+00:00\",\"dateModified\":\"2026-01-27T10:28:31+00:00\",\"description\":\"Affirm Full Name: Email: Phone Number: Amount to be financed: Finance with Affirm - Deluxe Smile\",\"breadcrumb\":{\"@id\":\"https:\/\/deluxesmiledesign.com\/affirm-2\/#breadcrumb\"},\"inLanguage\":\"es\",\"potentialAction\":[{\"@type\":\"ReadAction\",\"target\":[\"https:\/\/deluxesmiledesign.com\/affirm-2\/\"]}]},{\"@type\":\"BreadcrumbList\",\"@id\":\"https:\/\/deluxesmiledesign.com\/affirm-2\/#breadcrumb\",\"itemListElement\":[{\"@type\":\"ListItem\",\"position\":1,\"name\":\"Home\",\"item\":\"https:\/\/deluxesmiledesign.com\/\"},{\"@type\":\"ListItem\",\"position\":2,\"name\":\"Affirm\"}]},{\"@type\":\"WebSite\",\"@id\":\"https:\/\/deluxesmiledesign.com\/#website\",\"url\":\"https:\/\/deluxesmiledesign.com\/\",\"name\":\"Deluxe Smile\",\"description\":\"\",\"publisher\":{\"@id\":\"https:\/\/deluxesmiledesign.com\/#organization\"},\"potentialAction\":[{\"@type\":\"SearchAction\",\"target\":{\"@type\":\"EntryPoint\",\"urlTemplate\":\"https:\/\/deluxesmiledesign.com\/?s={search_term_string}\"},\"query-input\":{\"@type\":\"PropertyValueSpecification\",\"valueRequired\":true,\"valueName\":\"search_term_string\"}}],\"inLanguage\":\"es\"},{\"@type\":\"Organization\",\"@id\":\"https:\/\/deluxesmiledesign.com\/#organization\",\"name\":\"Deluxe Smile\",\"url\":\"https:\/\/deluxesmiledesign.com\/\",\"logo\":{\"@type\":\"ImageObject\",\"inLanguage\":\"es\",\"@id\":\"https:\/\/deluxesmiledesign.com\/#\/schema\/logo\/image\/\",\"url\":\"https:\/\/deluxesmiledesign.com\/wp-content\/uploads\/Sin-titulo-1-2.png\",\"contentUrl\":\"https:\/\/deluxesmiledesign.com\/wp-content\/uploads\/Sin-titulo-1-2.png\",\"width\":370,\"height\":102,\"caption\":\"Deluxe Smile\"},\"image\":{\"@id\":\"https:\/\/deluxesmiledesign.com\/#\/schema\/logo\/image\/\"}}]}<\/script>\n<!-- \/ Yoast SEO plugin. -->","yoast_head_json":{"title":"Affirm - Deluxe Smile","description":"Affirm       Full Name:   Email:   Phone Number:   Amount to be financed:   Finance with Affirm - Deluxe Smile","robots":{"index":"index","follow":"follow","max-snippet":"max-snippet:-1","max-image-preview":"max-image-preview:large","max-video-preview":"max-video-preview:-1"},"canonical":"https:\/\/deluxesmiledesign.com\/es\/affirm-2\/","og_locale":"es_ES","og_type":"article","og_title":"Affirm - Deluxe Smile","og_description":"Affirm       Full Name:   Email:   Phone Number:   Amount to be financed:   Finance with Affirm - Deluxe Smile","og_url":"https:\/\/deluxesmiledesign.com\/es\/affirm-2\/","og_site_name":"Deluxe Smile","article_modified_time":"2026-01-27T10:28:31+00:00","twitter_card":"summary_large_image","twitter_misc":{"Tiempo de lectura":"1 minuto"},"schema":{"@context":"https:\/\/schema.org","@graph":[{"@type":"WebPage","@id":"https:\/\/deluxesmiledesign.com\/affirm-2\/","url":"https:\/\/deluxesmiledesign.com\/affirm-2\/","name":"Affirm - Deluxe Smile","isPartOf":{"@id":"https:\/\/deluxesmiledesign.com\/#website"},"datePublished":"2025-07-28T14:59:00+00:00","dateModified":"2026-01-27T10:28:31+00:00","description":"Affirm Full Name: Email: Phone Number: Amount to be financed: Finance with Affirm - Deluxe Smile","breadcrumb":{"@id":"https:\/\/deluxesmiledesign.com\/affirm-2\/#breadcrumb"},"inLanguage":"es","potentialAction":[{"@type":"ReadAction","target":["https:\/\/deluxesmiledesign.com\/affirm-2\/"]}]},{"@type":"BreadcrumbList","@id":"https:\/\/deluxesmiledesign.com\/affirm-2\/#breadcrumb","itemListElement":[{"@type":"ListItem","position":1,"name":"Home","item":"https:\/\/deluxesmiledesign.com\/"},{"@type":"ListItem","position":2,"name":"Affirm"}]},{"@type":"WebSite","@id":"https:\/\/deluxesmiledesign.com\/#website","url":"https:\/\/deluxesmiledesign.com\/","name":"Deluxe Smile","description":"","publisher":{"@id":"https:\/\/deluxesmiledesign.com\/#organization"},"potentialAction":[{"@type":"SearchAction","target":{"@type":"EntryPoint","urlTemplate":"https:\/\/deluxesmiledesign.com\/?s={search_term_string}"},"query-input":{"@type":"PropertyValueSpecification","valueRequired":true,"valueName":"search_term_string"}}],"inLanguage":"es"},{"@type":"Organization","@id":"https:\/\/deluxesmiledesign.com\/#organization","name":"Deluxe Smile","url":"https:\/\/deluxesmiledesign.com\/","logo":{"@type":"ImageObject","inLanguage":"es","@id":"https:\/\/deluxesmiledesign.com\/#\/schema\/logo\/image\/","url":"https:\/\/deluxesmiledesign.com\/wp-content\/uploads\/Sin-titulo-1-2.png","contentUrl":"https:\/\/deluxesmiledesign.com\/wp-content\/uploads\/Sin-titulo-1-2.png","width":370,"height":102,"caption":"Deluxe Smile"},"image":{"@id":"https:\/\/deluxesmiledesign.com\/#\/schema\/logo\/image\/"}}]}},"rttpg_featured_image_url":null,"rttpg_author":{"display_name":"hddeluxesmile","author_link":"https:\/\/deluxesmiledesign.com\/es\/author\/hddeluxesmile\/"},"rttpg_comment":0,"rttpg_category":null,"rttpg_excerpt":"Affirm Full Name: Email: Phone Number: Amount to be financed: Finance with Affirm","_links":{"self":[{"href":"https:\/\/deluxesmiledesign.com\/es\/wp-json\/wp\/v2\/pages\/4636","targetHints":{"allow":["GET"]}}],"collection":[{"href":"https:\/\/deluxesmiledesign.com\/es\/wp-json\/wp\/v2\/pages"}],"about":[{"href":"https:\/\/deluxesmiledesign.com\/es\/wp-json\/wp\/v2\/types\/page"}],"author":[{"embeddable":true,"href":"https:\/\/deluxesmiledesign.com\/es\/wp-json\/wp\/v2\/users\/1"}],"replies":[{"embeddable":true,"href":"https:\/\/deluxesmiledesign.com\/es\/wp-json\/wp\/v2\/comments?post=4636"}],"version-history":[{"count":16,"href":"https:\/\/deluxesmiledesign.com\/es\/wp-json\/wp\/v2\/pages\/4636\/revisions"}],"predecessor-version":[{"id":5806,"href":"https:\/\/deluxesmiledesign.com\/es\/wp-json\/wp\/v2\/pages\/4636\/revisions\/5806"}],"wp:attachment":[{"href":"https:\/\/deluxesmiledesign.com\/es\/wp-json\/wp\/v2\/media?parent=4636"}],"curies":[{"name":"wp","href":"https:\/\/api.w.org\/{rel}","templated":true}]}}