{"id":160,"date":"2023-08-16T16:17:11","date_gmt":"2023-08-16T16:17:11","guid":{"rendered":"https:\/\/deluxesmiledesign.com\/?page_id=160"},"modified":"2025-07-28T19:51:06","modified_gmt":"2025-07-28T19:51:06","slug":"financing","status":"publish","type":"page","link":"https:\/\/deluxesmiledesign.com\/es\/financing\/","title":{"rendered":"Opciones de Financiamiento"},"content":{"rendered":"<div data-elementor-type=\"wp-page\" data-elementor-id=\"160\" class=\"elementor elementor-160\" data-elementor-settings=\"{&quot;ha_cmc_init_switcher&quot;:&quot;no&quot;}\" data-elementor-post-type=\"page\">\n\t\t\t\t\t\t<section class=\"elementor-section elementor-top-section elementor-element elementor-element-ffa738b elementor-section-height-min-height elementor-section-boxed elementor-section-height-default elementor-section-items-middle\" data-id=\"ffa738b\" data-element_type=\"section\" data-e-type=\"section\" data-settings=\"{&quot;background_background&quot;:&quot;classic&quot;,&quot;_ha_eqh_enable&quot;:false}\">\n\t\t\t\t\t\t\t<div class=\"elementor-background-overlay\"><\/div>\n\t\t\t\t\t\t\t<div class=\"elementor-container elementor-column-gap-default\">\n\t\t\t\t\t<div class=\"elementor-column elementor-col-100 elementor-top-column elementor-element elementor-element-8e69b3e\" data-id=\"8e69b3e\" data-element_type=\"column\" data-e-type=\"column\">\n\t\t\t<div class=\"elementor-widget-wrap elementor-element-populated\">\n\t\t\t\t\t\t<div class=\"elementor-element elementor-element-d32d0b4 elementor-widget elementor-widget-heading\" data-id=\"d32d0b4\" data-element_type=\"widget\" data-e-type=\"widget\" data-widget_type=\"heading.default\">\n\t\t\t\t<div class=\"elementor-widget-container\">\n\t\t\t\t\t<h1 class=\"elementor-heading-title elementor-size-default\">Opciones de Financiamiento Dental<\/h1>\t\t\t\t<\/div>\n\t\t\t\t<\/div>\n\t\t\t\t\t<\/div>\n\t\t<\/div>\n\t\t\t\t\t<\/div>\n\t\t<\/section>\n\t\t\t\t<section class=\"elementor-section elementor-top-section elementor-element elementor-element-24349ca elementor-section-boxed elementor-section-height-default elementor-section-height-default\" data-id=\"24349ca\" data-element_type=\"section\" data-e-type=\"section\" data-settings=\"{&quot;_ha_eqh_enable&quot;:false}\">\n\t\t\t\t\t\t<div class=\"elementor-container elementor-column-gap-default\">\n\t\t\t\t\t<div class=\"elementor-column elementor-col-100 elementor-top-column elementor-element elementor-element-8cd3fd9\" data-id=\"8cd3fd9\" data-element_type=\"column\" data-e-type=\"column\">\n\t\t\t<div class=\"elementor-widget-wrap elementor-element-populated\">\n\t\t\t\t\t\t<div class=\"elementor-element elementor-element-2773b48 elementor-widget elementor-widget-text-editor\" data-id=\"2773b48\" data-element_type=\"widget\" data-e-type=\"widget\" data-widget_type=\"text-editor.default\">\n\t\t\t\t<div class=\"elementor-widget-container\">\n\t\t\t\t\t\t\t\t\t<p><span style=\"font-weight: 400;\">Embarcate tu Transformaci\u00f3n de Sonrisa con Facilidad<\/span><\/p><p><span style=\"font-weight: 400;\">Bienvenido a Deluxe Smile Design, donde tu sonrisa so\u00f1ada se convierte en realidad. Sabemos que lograr la salud dental y la est\u00e9tica ideales puede requerir flexibilidad financiera. Por eso, nos complace presentarte nuestras opciones de financiamiento sin complicaciones, dise\u00f1adas para que nada se interponga entre t\u00fa y la sonrisa radiante y confiada que mereces. Con Deluxe Smile Design, ahora puedes emprender tu viaje dental con tranquilidad financiera, sabiendo que tu comodidad y satisfacci\u00f3n son nuestra principal prioridad. Explora las opciones disponibles y comienza hoy mismo tu camino hacia la transformaci\u00f3n de tu sonrisa.<\/span><\/p>\t\t\t\t\t\t\t\t<\/div>\n\t\t\t\t<\/div>\n\t\t\t\t<div class=\"elementor-element elementor-element-6c7ad11 elementor-widget elementor-widget-heading\" data-id=\"6c7ad11\" data-element_type=\"widget\" data-e-type=\"widget\" data-widget_type=\"heading.default\">\n\t\t\t\t<div class=\"elementor-widget-container\">\n\t\t\t\t\t<h2 class=\"elementor-heading-title elementor-size-default\">Cambio de imagen de sonrisa computarizado de \u00faltima generaci\u00f3n<\/h2>\t\t\t\t<\/div>\n\t\t\t\t<\/div>\n\t\t\t\t<section class=\"elementor-section elementor-inner-section elementor-element elementor-element-a4e0abc elementor-section-boxed elementor-section-height-default elementor-section-height-default\" data-id=\"a4e0abc\" data-element_type=\"section\" data-e-type=\"section\" data-settings=\"{&quot;_ha_eqh_enable&quot;:false}\">\n\t\t\t\t\t\t<div class=\"elementor-container elementor-column-gap-default\">\n\t\t\t\t\t<div class=\"elementor-column elementor-col-20 elementor-inner-column elementor-element elementor-element-0a82dba\" data-id=\"0a82dba\" data-element_type=\"column\" data-e-type=\"column\">\n\t\t\t<div class=\"elementor-widget-wrap elementor-element-populated\">\n\t\t\t\t<div class=\"elementor-element elementor-element-5477006 e-flex e-con-boxed e-con e-parent\" data-id=\"5477006\" data-element_type=\"container\" data-e-type=\"container\" data-settings=\"{&quot;_ha_eqh_enable&quot;:false}\">\n\t\t\t\t\t<div class=\"e-con-inner\">\n\t\t\t\t<div class=\"elementor-element elementor-element-f2e339b elementor-widget elementor-widget-spacer\" data-id=\"f2e339b\" data-element_type=\"widget\" data-e-type=\"widget\" data-widget_type=\"spacer.default\">\n\t\t\t\t<div class=\"elementor-widget-container\">\n\t\t\t\t\t\t\t<div class=\"elementor-spacer\">\n\t\t\t<div class=\"elementor-spacer-inner\"><\/div>\n\t\t<\/div>\n\t\t\t\t\t\t<\/div>\n\t\t\t\t<\/div>\n\t\t\t\t<div class=\"elementor-element elementor-element-ab1c40c elementor-widget elementor-widget-image\" data-id=\"ab1c40c\" data-element_type=\"widget\" data-e-type=\"widget\" data-widget_type=\"image.default\">\n\t\t\t\t<div class=\"elementor-widget-container\">\n\t\t\t\t\t\t\t\t\t\t\t\t\t\t\t\t<a href=\"https:\/\/deluxesmiledesign.com\/es\/affirm-2\/\" target=\"_blank\">\n\t\t\t\t\t\t\t<img decoding=\"async\" width=\"215\" height=\"86\" src=\"https:\/\/deluxesmiledesign.com\/wp-content\/uploads\/Affirm_Logo.svg-2.png\" class=\"attachment-full size-full wp-image-4649\" alt=\"Affirm logo with a stylized blue arc above black lowercase text.\" srcset=\"https:\/\/deluxesmiledesign.com\/wp-content\/uploads\/Affirm_Logo.svg-2.png 215w, https:\/\/deluxesmiledesign.com\/wp-content\/uploads\/Affirm_Logo.svg-2-18x7.png 18w\" sizes=\"(max-width: 215px) 100vw, 215px\" title=\"Deluxe Smile | Financing Options\" \/>\t\t\t\t\t\t\t\t<\/a>\n\t\t\t\t\t\t\t\t\t\t\t\t\t\t\t<\/div>\n\t\t\t\t<\/div>\n\t\t\t\t<div class=\"elementor-element elementor-element-6a8d18e elementor-widget__width-auto elementor-hidden-tablet elementor-hidden-mobile elementor-widget-laptop__width-auto elementor-widget elementor-widget-button\" data-id=\"6a8d18e\" data-element_type=\"widget\" data-e-type=\"widget\" data-widget_type=\"button.default\">\n\t\t\t\t<div class=\"elementor-widget-container\">\n\t\t\t\t\t\t\t\t\t<div class=\"elementor-button-wrapper\">\n\t\t\t\t\t<a class=\"elementor-button elementor-button-link elementor-size-sm\" href=\"https:\/\/deluxesmiledesign.com\/es\/affirm-2\/\" target=\"_blank\">\n\t\t\t\t\t\t<span class=\"elementor-button-content-wrapper\">\n\t\t\t\t\t\t\t\t\t<span class=\"elementor-button-text\">Apply now<\/span>\n\t\t\t\t\t<\/span>\n\t\t\t\t\t<\/a>\n\t\t\t\t<\/div>\n\t\t\t\t\t\t\t\t<\/div>\n\t\t\t\t<\/div>\n\t\t\t\t\t<\/div>\n\t\t\t\t<\/div>\n\t\t\t\t\t<\/div>\n\t\t<\/div>\n\t\t\t\t<div class=\"elementor-column elementor-col-20 elementor-inner-column elementor-element elementor-element-33c630d\" data-id=\"33c630d\" data-element_type=\"column\" data-e-type=\"column\">\n\t\t\t<div class=\"elementor-widget-wrap elementor-element-populated\">\n\t\t\t\t\t\t<div class=\"elementor-element elementor-element-63c905c elementor-widget elementor-widget-image\" data-id=\"63c905c\" data-element_type=\"widget\" data-e-type=\"widget\" data-widget_type=\"image.default\">\n\t\t\t\t<div class=\"elementor-widget-container\">\n\t\t\t\t\t\t\t\t\t\t\t\t\t\t\t<img decoding=\"async\" width=\"215\" height=\"28\" src=\"https:\/\/deluxesmiledesign.com\/wp-content\/uploads\/main_logo.webp\" class=\"attachment-large size-large wp-image-246\" alt=\"Deluxe Smile|Financing Options\" title=\"main_logo\" \/>\t\t\t\t\t\t\t\t\t\t\t\t\t\t\t<\/div>\n\t\t\t\t<\/div>\n\t\t\t\t<div class=\"elementor-element elementor-element-9e7e5fd elementor-widget elementor-widget-spacer\" data-id=\"9e7e5fd\" data-element_type=\"widget\" data-e-type=\"widget\" data-widget_type=\"spacer.default\">\n\t\t\t\t<div class=\"elementor-widget-container\">\n\t\t\t\t\t\t\t<div class=\"elementor-spacer\">\n\t\t\t<div class=\"elementor-spacer-inner\"><\/div>\n\t\t<\/div>\n\t\t\t\t\t\t<\/div>\n\t\t\t\t<\/div>\n\t\t\t\t\t<\/div>\n\t\t<\/div>\n\t\t\t\t<div class=\"elementor-column elementor-col-20 elementor-inner-column elementor-element elementor-element-b88db09\" data-id=\"b88db09\" data-element_type=\"column\" data-e-type=\"column\">\n\t\t\t<div class=\"elementor-widget-wrap elementor-element-populated\">\n\t\t\t\t<div class=\"elementor-element elementor-element-a467d18 e-flex e-con-boxed e-con e-parent\" data-id=\"a467d18\" data-element_type=\"container\" data-e-type=\"container\" data-settings=\"{&quot;_ha_eqh_enable&quot;:false}\">\n\t\t\t\t\t<div class=\"e-con-inner\">\n\t\t\t\t<div class=\"elementor-element elementor-element-2e54f24 elementor-widget elementor-widget-spacer\" data-id=\"2e54f24\" data-element_type=\"widget\" data-e-type=\"widget\" data-widget_type=\"spacer.default\">\n\t\t\t\t<div class=\"elementor-widget-container\">\n\t\t\t\t\t\t\t<div class=\"elementor-spacer\">\n\t\t\t<div class=\"elementor-spacer-inner\"><\/div>\n\t\t<\/div>\n\t\t\t\t\t\t<\/div>\n\t\t\t\t<\/div>\n\t\t\t\t<div class=\"elementor-element elementor-element-45e8bba elementor-widget__width-initial elementor-widget elementor-widget-image\" data-id=\"45e8bba\" data-element_type=\"widget\" data-e-type=\"widget\" data-widget_type=\"image.default\">\n\t\t\t\t<div class=\"elementor-widget-container\">\n\t\t\t\t\t\t\t\t\t\t\t\t\t\t\t<img fetchpriority=\"high\" decoding=\"async\" width=\"800\" height=\"217\" src=\"https:\/\/deluxesmiledesign.com\/wp-content\/uploads\/logo_cherry.png\" class=\"attachment-large size-large wp-image-598\" alt=\"Deluxe Smile|Financing Options\" srcset=\"https:\/\/deluxesmiledesign.com\/wp-content\/uploads\/logo_cherry.png 878w, https:\/\/deluxesmiledesign.com\/wp-content\/uploads\/logo_cherry-600x163.png 600w, https:\/\/deluxesmiledesign.com\/wp-content\/uploads\/logo_cherry-300x81.png 300w, https:\/\/deluxesmiledesign.com\/wp-content\/uploads\/logo_cherry-768x208.png 768w\" sizes=\"(max-width: 800px) 100vw, 800px\" title=\"logo_cherry\" \/>\t\t\t\t\t\t\t\t\t\t\t\t\t\t\t<\/div>\n\t\t\t\t<\/div>\n\t\t\t\t\t<\/div>\n\t\t\t\t<\/div>\n\t\t\t\t\t<\/div>\n\t\t<\/div>\n\t\t\t\t<div class=\"elementor-column elementor-col-20 elementor-inner-column elementor-element elementor-element-c3421ed\" data-id=\"c3421ed\" data-element_type=\"column\" data-e-type=\"column\">\n\t\t\t<div class=\"elementor-widget-wrap elementor-element-populated\">\n\t\t\t\t<div class=\"elementor-element elementor-element-17dba7e e-flex e-con-boxed e-con e-parent\" data-id=\"17dba7e\" data-element_type=\"container\" data-e-type=\"container\" data-settings=\"{&quot;_ha_eqh_enable&quot;:false}\">\n\t\t\t\t\t<div class=\"e-con-inner\">\n\t\t\t\t<div class=\"elementor-element elementor-element-9102010 elementor-widget elementor-widget-spacer\" data-id=\"9102010\" data-element_type=\"widget\" data-e-type=\"widget\" data-widget_type=\"spacer.default\">\n\t\t\t\t<div class=\"elementor-widget-container\">\n\t\t\t\t\t\t\t<div class=\"elementor-spacer\">\n\t\t\t<div class=\"elementor-spacer-inner\"><\/div>\n\t\t<\/div>\n\t\t\t\t\t\t<\/div>\n\t\t\t\t<\/div>\n\t\t\t\t<div class=\"elementor-element elementor-element-74de36c elementor-widget elementor-widget-image\" data-id=\"74de36c\" data-element_type=\"widget\" data-e-type=\"widget\" data-widget_type=\"image.default\">\n\t\t\t\t<div class=\"elementor-widget-container\">\n\t\t\t\t\t\t\t\t\t\t\t\t\t\t\t<img loading=\"lazy\" decoding=\"async\" width=\"800\" height=\"163\" src=\"https:\/\/deluxesmiledesign.com\/wp-content\/uploads\/brand_day_logo_email.png\" class=\"attachment-large size-large wp-image-455\" alt=\"Deluxe Smile|Financing Options\" srcset=\"https:\/\/deluxesmiledesign.com\/wp-content\/uploads\/brand_day_logo_email.png 800w, https:\/\/deluxesmiledesign.com\/wp-content\/uploads\/brand_day_logo_email-600x122.png 600w, https:\/\/deluxesmiledesign.com\/wp-content\/uploads\/brand_day_logo_email-300x61.png 300w, https:\/\/deluxesmiledesign.com\/wp-content\/uploads\/brand_day_logo_email-768x156.png 768w\" sizes=\"(max-width: 800px) 100vw, 800px\" title=\"brand_day_logo_email\" \/>\t\t\t\t\t\t\t\t\t\t\t\t\t\t\t<\/div>\n\t\t\t\t<\/div>\n\t\t\t\t\t<\/div>\n\t\t\t\t<\/div>\n\t\t\t\t\t<\/div>\n\t\t<\/div>\n\t\t\t\t<div class=\"elementor-column elementor-col-20 elementor-inner-column elementor-element elementor-element-d8f357c\" data-id=\"d8f357c\" data-element_type=\"column\" data-e-type=\"column\">\n\t\t\t<div class=\"elementor-widget-wrap\">\n\t\t\t\t\t\t\t<\/div>\n\t\t<\/div>\n\t\t\t\t\t<\/div>\n\t\t<\/section>\n\t\t\t\t<div class=\"elementor-element elementor-element-ef3f650 elementor-widget elementor-widget-text-editor\" data-id=\"ef3f650\" data-element_type=\"widget\" data-e-type=\"widget\" data-widget_type=\"text-editor.default\">\n\t\t\t\t<div class=\"elementor-widget-container\">\n\t\t\t\t\t\t\t\t\t<p>Para asegurarnos de brindarte un an\u00e1lisis personalizado y encontrar la soluci\u00f3n \u00f3ptima para tus necesidades, te invitamos a ponerte en contacto con nosotros. Nuestros expertos est\u00e1n aqu\u00ed para ayudarte a tomar una decisi\u00f3n informada. Ll\u00e1manos y con gusto te orientaremos hacia la mejor opci\u00f3n que se ajuste perfectamente a tus requisitos.<\/p><p><span style=\"font-weight: 400;\">Eleva tu bienestar con la comodidad y flexibilidad de CareCredit, tu tarjeta de cr\u00e9dito personalizada para salud y bienestar. Accede al cuidado que deseas o necesitas y elimina las barreras financieras. Adopta un mundo de posibilidades que pone tus objetivos de salud en tus manos.<\/span><\/p><p><span style=\"font-weight: 400;\">Navegar por CareCredit es muy sencillo: un proceso de solicitud en l\u00ednea r\u00e1pido y f\u00e1cil te permite postularte en cualquier momento sin afectar tu puntuaci\u00f3n crediticia. Las decisiones de cr\u00e9dito instant\u00e1neas te aseguran estar informado r\u00e1pidamente sobre tu elegibilidad, y nuestros agentes dedicados est\u00e1n disponibles toda la semana para guiarte a trav\u00e9s del proceso.<\/span><\/p><p><span style=\"font-weight: 400;\">Descubre el poder de elegir con las opciones de financiamiento flexibles de CareCredit. Desde tratamientos m\u00e9dicos esenciales hasta servicios de bienestar rejuvenecedores, ahora puedes invertir en tu salud en tus propios t\u00e9rminos, gestionando c\u00f3modamente los pagos para compras superiores a $200.<\/span><\/p><p><span style=\"font-weight: 400;\">CareCredit se distingue por enfocarse exclusivamente en gastos de salud y bienestar. Rellena los vac\u00edos que deja la cobertura tradicional del seguro y sus oportunidades de financiamiento \u00fanicas lo separan de las tarjetas de cr\u00e9dito convencionales. Experimenta la libertad de usar CareCredit en m\u00e1s de 250,000 proveedores en todo el pa\u00eds, permiti\u00e9ndote aprovechar sus beneficios para ti y tus seres queridos.<\/span><\/p>\t\t\t\t\t\t\t\t<\/div>\n\t\t\t\t<\/div>\n\t\t\t\t<section class=\"elementor-section elementor-inner-section elementor-element elementor-element-715fc1d elementor-section-boxed elementor-section-height-default elementor-section-height-default\" data-id=\"715fc1d\" data-element_type=\"section\" data-e-type=\"section\" data-settings=\"{&quot;_ha_eqh_enable&quot;:false}\">\n\t\t\t\t\t\t<div class=\"elementor-container elementor-column-gap-default\">\n\t\t\t\t\t<div class=\"elementor-column elementor-col-50 elementor-inner-column elementor-element elementor-element-3becbf1\" data-id=\"3becbf1\" data-element_type=\"column\" data-e-type=\"column\">\n\t\t\t<div class=\"elementor-widget-wrap\">\n\t\t\t\t\t\t\t<\/div>\n\t\t<\/div>\n\t\t\t\t<div class=\"elementor-column elementor-col-50 elementor-inner-column elementor-element elementor-element-28fb4fa\" data-id=\"28fb4fa\" data-element_type=\"column\" data-e-type=\"column\">\n\t\t\t<div class=\"elementor-widget-wrap\">\n\t\t\t\t\t\t\t<\/div>\n\t\t<\/div>\n\t\t\t\t\t<\/div>\n\t\t<\/section>\n\t\t\t\t\t<\/div>\n\t\t<\/div>\n\t\t\t\t\t<\/div>\n\t\t<\/section>\n\t\t\t\t<\/div>","protected":false},"excerpt":{"rendered":"<p>Flexible Dental Financing Options Embark on Your Smile Transformation with Ease Welcome to Deluxe Smile Design, where your dream smile becomes a reality. We understand that achieving your ideal dental health and aesthetics might require financial flexibility. That&#8217;s why we&#8217;re excited to introduce you to our seamless financing options, designed to ensure that nothing stands [&hellip;]<\/p>\n","protected":false},"author":1,"featured_media":0,"parent":0,"menu_order":0,"comment_status":"closed","ping_status":"closed","template":"","meta":{"two_page_speed":[],"footnotes":""},"class_list":["post-160","page","type-page","status-publish","hentry"],"yoast_head":"<!-- This site is optimized with the Yoast SEO plugin v27.1.1 - https:\/\/yoast.com\/product\/yoast-seo-wordpress\/ -->\n<title>Financing Options<\/title>\n<meta name=\"description\" content=\"Flexible financing at Deluxe Smile Design makes your dream smile affordable. Learn about our plans.\" \/>\n<meta name=\"robots\" content=\"index, follow, max-snippet:-1, max-image-preview:large, max-video-preview:-1\" \/>\n<link rel=\"canonical\" href=\"https:\/\/deluxesmiledesign.com\/es\/financing\/\" \/>\n<meta property=\"og:locale\" content=\"es_ES\" \/>\n<meta property=\"og:type\" content=\"article\" \/>\n<meta property=\"og:title\" content=\"Financing Options\" \/>\n<meta property=\"og:description\" content=\"Flexible financing at Deluxe Smile Design makes your dream smile affordable. Learn about our plans.\" \/>\n<meta property=\"og:url\" content=\"https:\/\/deluxesmiledesign.com\/es\/financing\/\" \/>\n<meta property=\"og:site_name\" content=\"Deluxe Smile\" \/>\n<meta property=\"article:modified_time\" content=\"2025-07-28T19:51:06+00:00\" \/>\n<meta property=\"og:image\" content=\"https:\/\/deluxesmiledesign.com\/wp-content\/uploads\/Affirm_Logo.svg-2.png\" \/>\n\t<meta property=\"og:image:width\" content=\"215\" \/>\n\t<meta property=\"og:image:height\" content=\"86\" \/>\n\t<meta property=\"og:image:type\" content=\"image\/png\" \/>\n<meta name=\"twitter:card\" content=\"summary_large_image\" \/>\n<meta name=\"twitter:label1\" content=\"Tiempo de lectura\" \/>\n\t<meta name=\"twitter:data1\" content=\"3 minutos\" \/>\n<script type=\"application\/ld+json\" class=\"yoast-schema-graph\">{\"@context\":\"https:\/\/schema.org\",\"@graph\":[{\"@type\":\"WebPage\",\"@id\":\"https:\/\/deluxesmiledesign.com\/financing\/\",\"url\":\"https:\/\/deluxesmiledesign.com\/financing\/\",\"name\":\"Financing Options\",\"isPartOf\":{\"@id\":\"https:\/\/deluxesmiledesign.com\/#website\"},\"primaryImageOfPage\":{\"@id\":\"https:\/\/deluxesmiledesign.com\/financing\/#primaryimage\"},\"image\":{\"@id\":\"https:\/\/deluxesmiledesign.com\/financing\/#primaryimage\"},\"thumbnailUrl\":\"https:\/\/deluxesmiledesign.com\/wp-content\/uploads\/Affirm_Logo.svg-2.png\",\"datePublished\":\"2023-08-16T16:17:11+00:00\",\"dateModified\":\"2025-07-28T19:51:06+00:00\",\"description\":\"Flexible financing at Deluxe Smile Design makes your dream smile affordable. Learn about our plans.\",\"breadcrumb\":{\"@id\":\"https:\/\/deluxesmiledesign.com\/financing\/#breadcrumb\"},\"inLanguage\":\"es\",\"potentialAction\":[{\"@type\":\"ReadAction\",\"target\":[\"https:\/\/deluxesmiledesign.com\/financing\/\"]}]},{\"@type\":\"ImageObject\",\"inLanguage\":\"es\",\"@id\":\"https:\/\/deluxesmiledesign.com\/financing\/#primaryimage\",\"url\":\"https:\/\/deluxesmiledesign.com\/wp-content\/uploads\/Affirm_Logo.svg-2.png\",\"contentUrl\":\"https:\/\/deluxesmiledesign.com\/wp-content\/uploads\/Affirm_Logo.svg-2.png\"},{\"@type\":\"BreadcrumbList\",\"@id\":\"https:\/\/deluxesmiledesign.com\/financing\/#breadcrumb\",\"itemListElement\":[{\"@type\":\"ListItem\",\"position\":1,\"name\":\"Home\",\"item\":\"https:\/\/deluxesmiledesign.com\/\"},{\"@type\":\"ListItem\",\"position\":2,\"name\":\"Financing Options\"}]},{\"@type\":\"WebSite\",\"@id\":\"https:\/\/deluxesmiledesign.com\/#website\",\"url\":\"https:\/\/deluxesmiledesign.com\/\",\"name\":\"Deluxe Smile\",\"description\":\"\",\"publisher\":{\"@id\":\"https:\/\/deluxesmiledesign.com\/#organization\"},\"potentialAction\":[{\"@type\":\"SearchAction\",\"target\":{\"@type\":\"EntryPoint\",\"urlTemplate\":\"https:\/\/deluxesmiledesign.com\/?s={search_term_string}\"},\"query-input\":{\"@type\":\"PropertyValueSpecification\",\"valueRequired\":true,\"valueName\":\"search_term_string\"}}],\"inLanguage\":\"es\"},{\"@type\":\"Organization\",\"@id\":\"https:\/\/deluxesmiledesign.com\/#organization\",\"name\":\"Deluxe Smile\",\"url\":\"https:\/\/deluxesmiledesign.com\/\",\"logo\":{\"@type\":\"ImageObject\",\"inLanguage\":\"es\",\"@id\":\"https:\/\/deluxesmiledesign.com\/#\/schema\/logo\/image\/\",\"url\":\"https:\/\/deluxesmiledesign.com\/wp-content\/uploads\/Sin-titulo-1-2.png\",\"contentUrl\":\"https:\/\/deluxesmiledesign.com\/wp-content\/uploads\/Sin-titulo-1-2.png\",\"width\":370,\"height\":102,\"caption\":\"Deluxe Smile\"},\"image\":{\"@id\":\"https:\/\/deluxesmiledesign.com\/#\/schema\/logo\/image\/\"}}]}<\/script>\n<!-- \/ Yoast SEO plugin. -->","yoast_head_json":{"title":"Opciones de Financiamiento","description":"Planes de financiamiento flexibles en Deluxe Smile Design para tu tratamiento dental.","robots":{"index":"index","follow":"follow","max-snippet":"max-snippet:-1","max-image-preview":"max-image-preview:large","max-video-preview":"max-video-preview:-1"},"canonical":"https:\/\/deluxesmiledesign.com\/es\/financing\/","og_locale":"es_ES","og_type":"article","og_title":"Financing Options","og_description":"Flexible financing at Deluxe Smile Design makes your dream smile affordable. Learn about our plans.","og_url":"https:\/\/deluxesmiledesign.com\/es\/financing\/","og_site_name":"Deluxe Smile","article_modified_time":"2025-07-28T19:51:06+00:00","og_image":[{"width":215,"height":86,"url":"https:\/\/deluxesmiledesign.com\/wp-content\/uploads\/Affirm_Logo.svg-2.png","type":"image\/png"}],"twitter_card":"summary_large_image","twitter_misc":{"Tiempo de lectura":"3 minutos"},"schema":{"@context":"https:\/\/schema.org","@graph":[{"@type":"WebPage","@id":"https:\/\/deluxesmiledesign.com\/financing\/","url":"https:\/\/deluxesmiledesign.com\/financing\/","name":"Opciones de Financiamiento","isPartOf":{"@id":"https:\/\/deluxesmiledesign.com\/#website"},"primaryImageOfPage":{"@id":"https:\/\/deluxesmiledesign.com\/financing\/#primaryimage"},"image":{"@id":"https:\/\/deluxesmiledesign.com\/financing\/#primaryimage"},"thumbnailUrl":"https:\/\/deluxesmiledesign.com\/wp-content\/uploads\/Affirm_Logo.svg-2.png","datePublished":"2023-08-16T16:17:11+00:00","dateModified":"2025-07-28T19:51:06+00:00","description":"Planes de financiamiento flexibles en Deluxe Smile Design para tu tratamiento dental.","breadcrumb":{"@id":"https:\/\/deluxesmiledesign.com\/financing\/#breadcrumb"},"inLanguage":"es","potentialAction":[{"@type":"ReadAction","target":["https:\/\/deluxesmiledesign.com\/financing\/"]}]},{"@type":"ImageObject","inLanguage":"es","@id":"https:\/\/deluxesmiledesign.com\/financing\/#primaryimage","url":"https:\/\/deluxesmiledesign.com\/wp-content\/uploads\/Affirm_Logo.svg-2.png","contentUrl":"https:\/\/deluxesmiledesign.com\/wp-content\/uploads\/Affirm_Logo.svg-2.png"},{"@type":"BreadcrumbList","@id":"https:\/\/deluxesmiledesign.com\/financing\/#breadcrumb","itemListElement":[{"@type":"ListItem","position":1,"name":"Home","item":"https:\/\/deluxesmiledesign.com\/"},{"@type":"ListItem","position":2,"name":"Financing Options"}]},{"@type":"WebSite","@id":"https:\/\/deluxesmiledesign.com\/#website","url":"https:\/\/deluxesmiledesign.com\/","name":"Deluxe Smile","description":"","publisher":{"@id":"https:\/\/deluxesmiledesign.com\/#organization"},"potentialAction":[{"@type":"SearchAction","target":{"@type":"EntryPoint","urlTemplate":"https:\/\/deluxesmiledesign.com\/?s={search_term_string}"},"query-input":{"@type":"PropertyValueSpecification","valueRequired":true,"valueName":"search_term_string"}}],"inLanguage":"es"},{"@type":"Organization","@id":"https:\/\/deluxesmiledesign.com\/#organization","name":"Deluxe Smile","url":"https:\/\/deluxesmiledesign.com\/","logo":{"@type":"ImageObject","inLanguage":"es","@id":"https:\/\/deluxesmiledesign.com\/#\/schema\/logo\/image\/","url":"https:\/\/deluxesmiledesign.com\/wp-content\/uploads\/Sin-titulo-1-2.png","contentUrl":"https:\/\/deluxesmiledesign.com\/wp-content\/uploads\/Sin-titulo-1-2.png","width":370,"height":102,"caption":"Deluxe Smile"},"image":{"@id":"https:\/\/deluxesmiledesign.com\/#\/schema\/logo\/image\/"}}]}},"rttpg_featured_image_url":null,"rttpg_author":{"display_name":"hddeluxesmile","author_link":"https:\/\/deluxesmiledesign.com\/es\/author\/hddeluxesmile\/"},"rttpg_comment":0,"rttpg_category":null,"rttpg_excerpt":"Flexible Dental Financing Options Embark on Your Smile Transformation with Ease Welcome to Deluxe Smile Design, where your dream smile becomes a reality. We understand that achieving your ideal dental health and aesthetics might require financial flexibility. That&#8217;s why we&#8217;re excited to introduce you to our seamless financing options, designed to ensure that nothing stands&hellip;","_links":{"self":[{"href":"https:\/\/deluxesmiledesign.com\/es\/wp-json\/wp\/v2\/pages\/160","targetHints":{"allow":["GET"]}}],"collection":[{"href":"https:\/\/deluxesmiledesign.com\/es\/wp-json\/wp\/v2\/pages"}],"about":[{"href":"https:\/\/deluxesmiledesign.com\/es\/wp-json\/wp\/v2\/types\/page"}],"author":[{"embeddable":true,"href":"https:\/\/deluxesmiledesign.com\/es\/wp-json\/wp\/v2\/users\/1"}],"replies":[{"embeddable":true,"href":"https:\/\/deluxesmiledesign.com\/es\/wp-json\/wp\/v2\/comments?post=160"}],"version-history":[{"count":72,"href":"https:\/\/deluxesmiledesign.com\/es\/wp-json\/wp\/v2\/pages\/160\/revisions"}],"predecessor-version":[{"id":4671,"href":"https:\/\/deluxesmiledesign.com\/es\/wp-json\/wp\/v2\/pages\/160\/revisions\/4671"}],"wp:attachment":[{"href":"https:\/\/deluxesmiledesign.com\/es\/wp-json\/wp\/v2\/media?parent=160"}],"curies":[{"name":"wp","href":"https:\/\/api.w.org\/{rel}","templated":true}]}}