{"id":141,"date":"2023-08-16T16:12:15","date_gmt":"2023-08-16T16:12:15","guid":{"rendered":"https:\/\/deluxesmiledesign.com\/?page_id=141"},"modified":"2025-05-27T12:27:19","modified_gmt":"2025-05-27T12:27:19","slug":"servicios-de-diseno-de-sonrisa","status":"publish","type":"page","link":"https:\/\/deluxesmiledesign.com\/es\/servicios-de-diseno-de-sonrisa\/","title":{"rendered":"Servicios de Dise\u00f1o de Sonrisa"},"content":{"rendered":"<div data-elementor-type=\"wp-page\" data-elementor-id=\"141\" class=\"elementor elementor-141\" data-elementor-settings=\"{&quot;ha_cmc_init_switcher&quot;:&quot;no&quot;}\" data-elementor-post-type=\"page\">\n\t\t\t\t\t\t<section class=\"elementor-section elementor-top-section elementor-element elementor-element-59ab970d elementor-section-height-min-height elementor-section-boxed elementor-section-height-default elementor-section-items-middle\" data-id=\"59ab970d\" data-element_type=\"section\" data-e-type=\"section\" data-settings=\"{&quot;background_background&quot;:&quot;classic&quot;,&quot;_ha_eqh_enable&quot;:false}\">\n\t\t\t\t\t\t\t<div class=\"elementor-background-overlay\"><\/div>\n\t\t\t\t\t\t\t<div class=\"elementor-container elementor-column-gap-default\">\n\t\t\t\t\t<div class=\"elementor-column elementor-col-100 elementor-top-column elementor-element elementor-element-36b1577\" data-id=\"36b1577\" data-element_type=\"column\" data-e-type=\"column\">\n\t\t\t<div class=\"elementor-widget-wrap elementor-element-populated\">\n\t\t\t\t\t\t<div class=\"elementor-element elementor-element-4bb83abd elementor-widget elementor-widget-heading\" data-id=\"4bb83abd\" data-element_type=\"widget\" data-e-type=\"widget\" data-widget_type=\"heading.default\">\n\t\t\t\t<div class=\"elementor-widget-container\">\n\t\t\t\t\t<h1 class=\"elementor-heading-title elementor-size-default translation-block\">Servicios de Dise\u00f1o de Sonrisa<\/h1>\t\t\t\t<\/div>\n\t\t\t\t<\/div>\n\t\t\t\t\t<\/div>\n\t\t<\/div>\n\t\t\t\t\t<\/div>\n\t\t<\/section>\n\t\t\t\t<section class=\"elementor-section elementor-top-section elementor-element elementor-element-14e91ffb elementor-section-height-min-height elementor-section-boxed elementor-section-height-default elementor-section-items-middle\" data-id=\"14e91ffb\" data-element_type=\"section\" data-e-type=\"section\" data-settings=\"{&quot;background_background&quot;:&quot;classic&quot;,&quot;_ha_eqh_enable&quot;:false}\">\n\t\t\t\t\t\t<div class=\"elementor-container elementor-column-gap-default\">\n\t\t\t\t\t<div class=\"elementor-column elementor-col-100 elementor-top-column elementor-element elementor-element-30b6e2b8\" data-id=\"30b6e2b8\" data-element_type=\"column\" data-e-type=\"column\">\n\t\t\t<div class=\"elementor-widget-wrap elementor-element-populated\">\n\t\t\t\t\t\t<div class=\"elementor-element elementor-element-233556a2 elementor-widget elementor-widget-heading\" data-id=\"233556a2\" data-element_type=\"widget\" data-e-type=\"widget\" data-widget_type=\"heading.default\">\n\t\t\t\t<div class=\"elementor-widget-container\">\n\t\t\t\t\t<h2 class=\"elementor-heading-title elementor-size-default\">The art of smiling<\/h2>\t\t\t\t<\/div>\n\t\t\t\t<\/div>\n\t\t\t\t<section class=\"elementor-section elementor-inner-section elementor-element elementor-element-48814398 elementor-section-height-min-height elementor-section-boxed elementor-section-height-default\" data-id=\"48814398\" data-element_type=\"section\" data-e-type=\"section\" data-settings=\"{&quot;_ha_eqh_enable&quot;:false}\">\n\t\t\t\t\t\t<div class=\"elementor-container elementor-column-gap-default\">\n\t\t\t\t\t<div class=\"elementor-column elementor-col-33 elementor-inner-column elementor-element elementor-element-4dfd0875\" data-id=\"4dfd0875\" data-element_type=\"column\" data-e-type=\"column\" data-settings=\"{&quot;background_background&quot;:&quot;classic&quot;}\">\n\t\t\t<div class=\"elementor-widget-wrap elementor-element-populated\">\n\t\t\t\t\t\t<div class=\"elementor-element elementor-element-cc52964 elementor-widget elementor-widget-heading\" data-id=\"cc52964\" data-element_type=\"widget\" data-e-type=\"widget\" data-widget_type=\"heading.default\">\n\t\t\t\t<div class=\"elementor-widget-container\">\n\t\t\t\t\t<h2 class=\"elementor-heading-title elementor-size-default\">Crafting Smiles<\/h2>\t\t\t\t<\/div>\n\t\t\t\t<\/div>\n\t\t\t\t<div class=\"elementor-element elementor-element-3a45d070 elementor-widget-divider--view-line elementor-widget elementor-widget-global elementor-global-967 elementor-widget-divider\" data-id=\"3a45d070\" data-element_type=\"widget\" data-e-type=\"widget\" data-widget_type=\"divider.default\">\n\t\t\t\t<div class=\"elementor-widget-container\">\n\t\t\t\t\t\t\t<div class=\"elementor-divider\">\n\t\t\t<span class=\"elementor-divider-separator\">\n\t\t\t\t\t\t<\/span>\n\t\t<\/div>\n\t\t\t\t\t\t<\/div>\n\t\t\t\t<\/div>\n\t\t\t\t<div class=\"elementor-element elementor-element-5a19b851 elementor-widget elementor-widget-text-editor\" data-id=\"5a19b851\" data-element_type=\"widget\" data-e-type=\"widget\" data-widget_type=\"text-editor.default\">\n\t\t\t\t<div class=\"elementor-widget-container\">\n\t\t\t\t\t\t\t\t\t<p>Deluxe Smile Design takes pride in offering computerized perfect smiles without the hefty price tag.<\/p>\t\t\t\t\t\t\t\t<\/div>\n\t\t\t\t<\/div>\n\t\t\t\t\t<\/div>\n\t\t<\/div>\n\t\t\t\t<div class=\"elementor-column elementor-col-33 elementor-inner-column elementor-element elementor-element-7e971f79\" data-id=\"7e971f79\" data-element_type=\"column\" data-e-type=\"column\" data-settings=\"{&quot;background_background&quot;:&quot;classic&quot;}\">\n\t\t\t<div class=\"elementor-widget-wrap elementor-element-populated\">\n\t\t\t\t\t\t<div class=\"elementor-element elementor-element-5d0346ed elementor-widget elementor-widget-heading\" data-id=\"5d0346ed\" data-element_type=\"widget\" data-e-type=\"widget\" data-widget_type=\"heading.default\">\n\t\t\t\t<div class=\"elementor-widget-container\">\n\t\t\t\t\t<h2 class=\"elementor-heading-title elementor-size-default\">Authentic Aesthetics\n<\/h2>\t\t\t\t<\/div>\n\t\t\t\t<\/div>\n\t\t\t\t<div class=\"elementor-element elementor-element-30faeb7f elementor-widget-divider--view-line elementor-widget elementor-widget-global elementor-global-967 elementor-widget-divider\" data-id=\"30faeb7f\" data-element_type=\"widget\" data-e-type=\"widget\" data-widget_type=\"divider.default\">\n\t\t\t\t<div class=\"elementor-widget-container\">\n\t\t\t\t\t\t\t<div class=\"elementor-divider\">\n\t\t\t<span class=\"elementor-divider-separator\">\n\t\t\t\t\t\t<\/span>\n\t\t<\/div>\n\t\t\t\t\t\t<\/div>\n\t\t\t\t<\/div>\n\t\t\t\t<div class=\"elementor-element elementor-element-57bff644 elementor-widget elementor-widget-text-editor\" data-id=\"57bff644\" data-element_type=\"widget\" data-e-type=\"widget\" data-widget_type=\"text-editor.default\">\n\t\t\t\t<div class=\"elementor-widget-container\">\n\t\t\t\t\t\t\t\t\t<p>We prioritize quality, providing premium porcelain veneers for unmatched durability and natural beauty. No shortcuts, no compromises.<\/p>\t\t\t\t\t\t\t\t<\/div>\n\t\t\t\t<\/div>\n\t\t\t\t\t<\/div>\n\t\t<\/div>\n\t\t\t\t<div class=\"elementor-column elementor-col-33 elementor-inner-column elementor-element elementor-element-7aee2d80\" data-id=\"7aee2d80\" data-element_type=\"column\" data-e-type=\"column\" data-settings=\"{&quot;background_background&quot;:&quot;classic&quot;}\">\n\t\t\t<div class=\"elementor-widget-wrap elementor-element-populated\">\n\t\t\t\t\t\t<div class=\"elementor-element elementor-element-5282b698 elementor-widget elementor-widget-heading\" data-id=\"5282b698\" data-element_type=\"widget\" data-e-type=\"widget\" data-widget_type=\"heading.default\">\n\t\t\t\t<div class=\"elementor-widget-container\">\n\t\t\t\t\t<h2 class=\"elementor-heading-title elementor-size-default\">Unbeatable Value\n<\/h2>\t\t\t\t<\/div>\n\t\t\t\t<\/div>\n\t\t\t\t<div class=\"elementor-element elementor-element-63870785 elementor-widget-divider--view-line elementor-widget elementor-widget-global elementor-global-967 elementor-widget-divider\" data-id=\"63870785\" data-element_type=\"widget\" data-e-type=\"widget\" data-widget_type=\"divider.default\">\n\t\t\t\t<div class=\"elementor-widget-container\">\n\t\t\t\t\t\t\t<div class=\"elementor-divider\">\n\t\t\t<span class=\"elementor-divider-separator\">\n\t\t\t\t\t\t<\/span>\n\t\t<\/div>\n\t\t\t\t\t\t<\/div>\n\t\t\t\t<\/div>\n\t\t\t\t<div class=\"elementor-element elementor-element-70799d2 elementor-widget elementor-widget-text-editor\" data-id=\"70799d2\" data-element_type=\"widget\" data-e-type=\"widget\" data-widget_type=\"text-editor.default\">\n\t\t\t\t<div class=\"elementor-widget-container\">\n\t\t\t\t\t\t\t\t\t Elevate your smile without emptying your wallet. Deluxe Smile Design offers unbeatable pricing with transparent fees.\t\t\t\t\t\t\t\t<\/div>\n\t\t\t\t<\/div>\n\t\t\t\t\t<\/div>\n\t\t<\/div>\n\t\t\t\t\t<\/div>\n\t\t<\/section>\n\t\t\t\t\t<\/div>\n\t\t<\/div>\n\t\t\t\t\t<\/div>\n\t\t<\/section>\n\t\t\t\t<section class=\"elementor-section elementor-top-section elementor-element elementor-element-2220a0cb elementor-section-height-min-height elementor-section-boxed elementor-section-height-default elementor-section-items-middle\" data-id=\"2220a0cb\" data-element_type=\"section\" data-e-type=\"section\" data-settings=\"{&quot;background_background&quot;:&quot;classic&quot;,&quot;_ha_eqh_enable&quot;:false}\">\n\t\t\t\t\t\t<div class=\"elementor-container elementor-column-gap-default\">\n\t\t\t\t\t<div class=\"elementor-column elementor-col-100 elementor-top-column elementor-element elementor-element-42c83544\" data-id=\"42c83544\" data-element_type=\"column\" data-e-type=\"column\">\n\t\t\t<div class=\"elementor-widget-wrap elementor-element-populated\">\n\t\t\t\t\t\t<div class=\"elementor-element elementor-element-61d5533f elementor-widget elementor-widget-heading\" data-id=\"61d5533f\" data-element_type=\"widget\" data-e-type=\"widget\" data-widget_type=\"heading.default\">\n\t\t\t\t<div class=\"elementor-widget-container\">\n\t\t\t\t\t<h2 class=\"elementor-heading-title elementor-size-default\">State of the art computerized smile makeover<\/h2>\t\t\t\t<\/div>\n\t\t\t\t<\/div>\n\t\t\t\t\t<\/div>\n\t\t<\/div>\n\t\t\t\t\t<\/div>\n\t\t<\/section>\n\t\t\t\t<section class=\"elementor-section elementor-top-section elementor-element elementor-element-68660659 elementor-section-height-min-height elementor-section-boxed elementor-section-height-default elementor-section-items-middle\" data-id=\"68660659\" data-element_type=\"section\" data-e-type=\"section\" data-settings=\"{&quot;_ha_eqh_enable&quot;:false}\">\n\t\t\t\t\t\t<div class=\"elementor-container elementor-column-gap-default\">\n\t\t\t\t\t<div class=\"elementor-column elementor-col-100 elementor-top-column elementor-element elementor-element-3d5cd2d7\" data-id=\"3d5cd2d7\" data-element_type=\"column\" data-e-type=\"column\">\n\t\t\t<div class=\"elementor-widget-wrap elementor-element-populated\">\n\t\t\t\t\t\t<div class=\"elementor-element elementor-element-70e3ae9 elementor-widget elementor-widget-text-editor\" data-id=\"70e3ae9\" data-element_type=\"widget\" data-e-type=\"widget\" data-widget_type=\"text-editor.default\">\n\t\t\t\t<div class=\"elementor-widget-container\">\n\t\t\t\t\t\t\t\t\t<p>A professionally designed smile revolutionizes how the world perceives you, enhancing your self-image and self-esteem. A flawlessly designed smile radiates confidence, empowering you to express your best self. Our Porcelain Smile Design Veneers encompass an array of cosmetic solutions.<\/p>\t\t\t\t\t\t\t\t<\/div>\n\t\t\t\t<\/div>\n\t\t\t\t\t<\/div>\n\t\t<\/div>\n\t\t\t\t\t<\/div>\n\t\t<\/section>\n\t\t\t\t<section class=\"elementor-section elementor-top-section elementor-element elementor-element-5b857c06 elementor-section-boxed elementor-section-height-default elementor-section-height-default\" data-id=\"5b857c06\" data-element_type=\"section\" data-e-type=\"section\" data-settings=\"{&quot;_ha_eqh_enable&quot;:false}\">\n\t\t\t\t\t\t<div class=\"elementor-container elementor-column-gap-default\">\n\t\t\t\t\t<div class=\"elementor-column elementor-col-100 elementor-top-column elementor-element elementor-element-3991065a\" data-id=\"3991065a\" data-element_type=\"column\" data-e-type=\"column\">\n\t\t\t<div class=\"elementor-widget-wrap elementor-element-populated\">\n\t\t\t\t\t\t<div class=\"elementor-element elementor-element-21007e9c elementor-widget elementor-widget-heading\" data-id=\"21007e9c\" data-element_type=\"widget\" data-e-type=\"widget\" data-widget_type=\"heading.default\">\n\t\t\t\t<div class=\"elementor-widget-container\">\n\t\t\t\t\t<h2 class=\"elementor-heading-title elementor-size-default\">Understanding the  procedure<\/h2>\t\t\t\t<\/div>\n\t\t\t\t<\/div>\n\t\t\t\t\t<\/div>\n\t\t<\/div>\n\t\t\t\t\t<\/div>\n\t\t<\/section>\n\t\t\t\t<section class=\"elementor-section elementor-top-section elementor-element elementor-element-4768dd35 elementor-section-boxed elementor-section-height-default elementor-section-height-default\" data-id=\"4768dd35\" data-element_type=\"section\" data-e-type=\"section\" data-settings=\"{&quot;_ha_eqh_enable&quot;:false}\">\n\t\t\t\t\t\t<div class=\"elementor-container elementor-column-gap-default\">\n\t\t\t\t\t<div class=\"elementor-column elementor-col-50 elementor-top-column elementor-element elementor-element-17f2597b\" data-id=\"17f2597b\" data-element_type=\"column\" data-e-type=\"column\">\n\t\t\t<div class=\"elementor-widget-wrap elementor-element-populated\">\n\t\t\t\t\t\t<div class=\"elementor-element elementor-element-473fa9dc elementor-widget elementor-widget-text-editor\" data-id=\"473fa9dc\" data-element_type=\"widget\" data-e-type=\"widget\" data-widget_type=\"text-editor.default\">\n\t\t\t\t<div class=\"elementor-widget-container\">\n\t\t\t\t\t\t\t\t\t<p><strong>Open discussion:<\/strong> Communicate any concerns you have with your dentist to receive personalized guidance.<\/p>\t\t\t\t\t\t\t\t<\/div>\n\t\t\t\t<\/div>\n\t\t\t\t<div class=\"elementor-element elementor-element-f3790d6 elementor-widget elementor-widget-text-editor\" data-id=\"f3790d6\" data-element_type=\"widget\" data-e-type=\"widget\" data-widget_type=\"text-editor.default\">\n\t\t\t\t<div class=\"elementor-widget-container\">\n\t\t\t\t\t\t\t\t\t<p><strong>Customized treatment plan:<\/strong> Receive a comprehensive plan outlining recommended treatment and ongoing care.<\/p>\t\t\t\t\t\t\t\t<\/div>\n\t\t\t\t<\/div>\n\t\t\t\t<div class=\"elementor-element elementor-element-42d81429 elementor-widget elementor-widget-text-editor\" data-id=\"42d81429\" data-element_type=\"widget\" data-e-type=\"widget\" data-widget_type=\"text-editor.default\">\n\t\t\t\t<div class=\"elementor-widget-container\">\n\t\t\t\t\t\t\t\t\t<p><strong>Limited time offer:<\/strong> Act promptly to avail yourself of this opportunity.<\/p>\t\t\t\t\t\t\t\t<\/div>\n\t\t\t\t<\/div>\n\t\t\t\t<div class=\"elementor-element elementor-element-330cb0df elementor-widget elementor-widget-text-editor\" data-id=\"330cb0df\" data-element_type=\"widget\" data-e-type=\"widget\" data-widget_type=\"text-editor.default\">\n\t\t\t\t<div class=\"elementor-widget-container\">\n\t\t\t\t\t\t\t\t\t<p><strong>\u00a0Decades of experience:<\/strong> Benefit from our 25+ years of highly experienced professionals.<\/p>\t\t\t\t\t\t\t\t<\/div>\n\t\t\t\t<\/div>\n\t\t\t\t\t<\/div>\n\t\t<\/div>\n\t\t\t\t<div class=\"elementor-column elementor-col-50 elementor-top-column elementor-element elementor-element-6d9c2c88\" data-id=\"6d9c2c88\" data-element_type=\"column\" data-e-type=\"column\">\n\t\t\t<div class=\"elementor-widget-wrap elementor-element-populated\">\n\t\t\t\t\t\t<div class=\"elementor-element elementor-element-591d831c elementor-widget elementor-widget-text-editor\" data-id=\"591d831c\" data-element_type=\"widget\" data-e-type=\"widget\" data-widget_type=\"text-editor.default\">\n\t\t\t\t<div class=\"elementor-widget-container\">\n\t\t\t\t\t\t\t\t\t<p><strong>Affordable financing:<\/strong> Enjoy $0 down and 100% financing options.<\/p>\t\t\t\t\t\t\t\t<\/div>\n\t\t\t\t<\/div>\n\t\t\t\t<div class=\"elementor-element elementor-element-6f0306 elementor-widget elementor-widget-text-editor\" data-id=\"6f0306\" data-element_type=\"widget\" data-e-type=\"widget\" data-widget_type=\"text-editor.default\">\n\t\t\t\t<div class=\"elementor-widget-container\">\n\t\t\t\t\t\t\t\t\t<p><strong>Bilingual assistance:<\/strong> Hablamos espa\u00f1ol for your convenience.<\/p>\t\t\t\t\t\t\t\t<\/div>\n\t\t\t\t<\/div>\n\t\t\t\t<div class=\"elementor-element elementor-element-3b9157b7 elementor-widget elementor-widget-text-editor\" data-id=\"3b9157b7\" data-element_type=\"widget\" data-e-type=\"widget\" data-widget_type=\"text-editor.default\">\n\t\t\t\t<div class=\"elementor-widget-container\">\n\t\t\t\t\t\t\t\t\t<p><strong>Transparent pricing:<\/strong> No hidden fees or extra costs.<\/p>\t\t\t\t\t\t\t\t<\/div>\n\t\t\t\t<\/div>\n\t\t\t\t<div class=\"elementor-element elementor-element-7d1afb8a elementor-widget elementor-widget-text-editor\" data-id=\"7d1afb8a\" data-element_type=\"widget\" data-e-type=\"widget\" data-widget_type=\"text-editor.default\">\n\t\t\t\t<div class=\"elementor-widget-container\">\n\t\t\t\t\t\t\t\t\t<p><strong>Stress-free care:<\/strong> Our amazing dental staff ensures a comfortable experience<\/p>\t\t\t\t\t\t\t\t<\/div>\n\t\t\t\t<\/div>\n\t\t\t\t\t<\/div>\n\t\t<\/div>\n\t\t\t\t\t<\/div>\n\t\t<\/section>\n\t\t\t\t<\/div>","protected":false},"excerpt":{"rendered":"<p>Smile Design Services The art of smiling Crafting Smiles Deluxe Smile Design takes pride in offering computerized perfect smiles without the hefty price tag. Authentic Aesthetics We prioritize quality, providing premium porcelain veneers for unmatched durability and natural beauty. No shortcuts, no compromises. Unbeatable Value Elevate your smile without emptying your wallet. Deluxe Smile Design [&hellip;]<\/p>\n","protected":false},"author":1,"featured_media":0,"parent":0,"menu_order":0,"comment_status":"closed","ping_status":"closed","template":"","meta":{"two_page_speed":[],"footnotes":""},"class_list":["post-141","page","type-page","status-publish","hentry"],"yoast_head":"<!-- This site is optimized with the Yoast SEO plugin v27.1.1 - https:\/\/yoast.com\/product\/yoast-seo-wordpress\/ -->\n<title>Smile Design<\/title>\n<meta name=\"description\" content=\"Transform your smile with our personalized smile design plans at Deluxe Smile Design.\" \/>\n<meta name=\"robots\" content=\"index, follow, max-snippet:-1, max-image-preview:large, max-video-preview:-1\" \/>\n<link rel=\"canonical\" href=\"https:\/\/deluxesmiledesign.com\/es\/servicios-de-diseno-de-sonrisa\/\" \/>\n<meta property=\"og:locale\" content=\"es_ES\" \/>\n<meta property=\"og:type\" content=\"article\" \/>\n<meta property=\"og:title\" content=\"Smile Design\" \/>\n<meta property=\"og:description\" content=\"Transform your smile with our personalized smile design plans at Deluxe Smile Design.\" \/>\n<meta property=\"og:url\" content=\"https:\/\/deluxesmiledesign.com\/es\/servicios-de-diseno-de-sonrisa\/\" \/>\n<meta property=\"og:site_name\" content=\"Deluxe Smile\" \/>\n<meta property=\"article:modified_time\" content=\"2025-05-27T12:27:19+00:00\" \/>\n<meta name=\"twitter:card\" content=\"summary_large_image\" \/>\n<meta name=\"twitter:label1\" content=\"Tiempo de lectura\" \/>\n\t<meta name=\"twitter:data1\" content=\"1 minuto\" \/>\n<script type=\"application\/ld+json\" class=\"yoast-schema-graph\">{\"@context\":\"https:\/\/schema.org\",\"@graph\":[{\"@type\":\"WebPage\",\"@id\":\"https:\/\/deluxesmiledesign.com\/smile-design\/\",\"url\":\"https:\/\/deluxesmiledesign.com\/smile-design\/\",\"name\":\"Smile Design\",\"isPartOf\":{\"@id\":\"https:\/\/deluxesmiledesign.com\/#website\"},\"datePublished\":\"2023-08-16T16:12:15+00:00\",\"dateModified\":\"2025-05-27T12:27:19+00:00\",\"description\":\"Transform your smile with our personalized smile design plans at Deluxe Smile Design.\",\"breadcrumb\":{\"@id\":\"https:\/\/deluxesmiledesign.com\/smile-design\/#breadcrumb\"},\"inLanguage\":\"es\",\"potentialAction\":[{\"@type\":\"ReadAction\",\"target\":[\"https:\/\/deluxesmiledesign.com\/smile-design\/\"]}]},{\"@type\":\"BreadcrumbList\",\"@id\":\"https:\/\/deluxesmiledesign.com\/smile-design\/#breadcrumb\",\"itemListElement\":[{\"@type\":\"ListItem\",\"position\":1,\"name\":\"Home\",\"item\":\"https:\/\/deluxesmiledesign.com\/\"},{\"@type\":\"ListItem\",\"position\":2,\"name\":\"Smile Design\"}]},{\"@type\":\"WebSite\",\"@id\":\"https:\/\/deluxesmiledesign.com\/#website\",\"url\":\"https:\/\/deluxesmiledesign.com\/\",\"name\":\"Deluxe Smile\",\"description\":\"\",\"publisher\":{\"@id\":\"https:\/\/deluxesmiledesign.com\/#organization\"},\"potentialAction\":[{\"@type\":\"SearchAction\",\"target\":{\"@type\":\"EntryPoint\",\"urlTemplate\":\"https:\/\/deluxesmiledesign.com\/?s={search_term_string}\"},\"query-input\":{\"@type\":\"PropertyValueSpecification\",\"valueRequired\":true,\"valueName\":\"search_term_string\"}}],\"inLanguage\":\"es\"},{\"@type\":\"Organization\",\"@id\":\"https:\/\/deluxesmiledesign.com\/#organization\",\"name\":\"Deluxe Smile\",\"url\":\"https:\/\/deluxesmiledesign.com\/\",\"logo\":{\"@type\":\"ImageObject\",\"inLanguage\":\"es\",\"@id\":\"https:\/\/deluxesmiledesign.com\/#\/schema\/logo\/image\/\",\"url\":\"https:\/\/deluxesmiledesign.com\/wp-content\/uploads\/Sin-titulo-1-2.png\",\"contentUrl\":\"https:\/\/deluxesmiledesign.com\/wp-content\/uploads\/Sin-titulo-1-2.png\",\"width\":370,\"height\":102,\"caption\":\"Deluxe Smile\"},\"image\":{\"@id\":\"https:\/\/deluxesmiledesign.com\/#\/schema\/logo\/image\/\"}}]}<\/script>\n<!-- \/ Yoast SEO plugin. -->","yoast_head_json":{"title":"Servicios de Dise\u00f1o de Sonrisa","description":"Dise\u00f1o de sonrisas personalizadas en Deluxe Smile Design. Empieza hoy tu transformaci\u00f3n.","robots":{"index":"index","follow":"follow","max-snippet":"max-snippet:-1","max-image-preview":"max-image-preview:large","max-video-preview":"max-video-preview:-1"},"canonical":"https:\/\/deluxesmiledesign.com\/es\/servicios-de-diseno-de-sonrisa\/","og_locale":"es_ES","og_type":"article","og_title":"Smile Design","og_description":"Transform your smile with our personalized smile design plans at Deluxe Smile Design.","og_url":"https:\/\/deluxesmiledesign.com\/es\/servicios-de-diseno-de-sonrisa\/","og_site_name":"Deluxe Smile","article_modified_time":"2025-05-27T12:27:19+00:00","twitter_card":"summary_large_image","twitter_misc":{"Tiempo de lectura":"1 minuto"},"schema":{"@context":"https:\/\/schema.org","@graph":[{"@type":"WebPage","@id":"https:\/\/deluxesmiledesign.com\/smile-design\/","url":"https:\/\/deluxesmiledesign.com\/smile-design\/","name":"Servicios de Dise\u00f1o de Sonrisa","isPartOf":{"@id":"https:\/\/deluxesmiledesign.com\/#website"},"datePublished":"2023-08-16T16:12:15+00:00","dateModified":"2025-05-27T12:27:19+00:00","description":"Dise\u00f1o de sonrisas personalizadas en Deluxe Smile Design. Empieza hoy tu transformaci\u00f3n.","breadcrumb":{"@id":"https:\/\/deluxesmiledesign.com\/smile-design\/#breadcrumb"},"inLanguage":"es","potentialAction":[{"@type":"ReadAction","target":["https:\/\/deluxesmiledesign.com\/smile-design\/"]}]},{"@type":"BreadcrumbList","@id":"https:\/\/deluxesmiledesign.com\/smile-design\/#breadcrumb","itemListElement":[{"@type":"ListItem","position":1,"name":"Home","item":"https:\/\/deluxesmiledesign.com\/"},{"@type":"ListItem","position":2,"name":"Smile Design"}]},{"@type":"WebSite","@id":"https:\/\/deluxesmiledesign.com\/#website","url":"https:\/\/deluxesmiledesign.com\/","name":"Deluxe Smile","description":"","publisher":{"@id":"https:\/\/deluxesmiledesign.com\/#organization"},"potentialAction":[{"@type":"SearchAction","target":{"@type":"EntryPoint","urlTemplate":"https:\/\/deluxesmiledesign.com\/?s={search_term_string}"},"query-input":{"@type":"PropertyValueSpecification","valueRequired":true,"valueName":"search_term_string"}}],"inLanguage":"es"},{"@type":"Organization","@id":"https:\/\/deluxesmiledesign.com\/#organization","name":"Deluxe Smile","url":"https:\/\/deluxesmiledesign.com\/","logo":{"@type":"ImageObject","inLanguage":"es","@id":"https:\/\/deluxesmiledesign.com\/#\/schema\/logo\/image\/","url":"https:\/\/deluxesmiledesign.com\/wp-content\/uploads\/Sin-titulo-1-2.png","contentUrl":"https:\/\/deluxesmiledesign.com\/wp-content\/uploads\/Sin-titulo-1-2.png","width":370,"height":102,"caption":"Deluxe Smile"},"image":{"@id":"https:\/\/deluxesmiledesign.com\/#\/schema\/logo\/image\/"}}]}},"rttpg_featured_image_url":null,"rttpg_author":{"display_name":"hddeluxesmile","author_link":"https:\/\/deluxesmiledesign.com\/es\/author\/hddeluxesmile\/"},"rttpg_comment":0,"rttpg_category":null,"rttpg_excerpt":"Smile Design Services The art of smiling Crafting Smiles Deluxe Smile Design takes pride in offering computerized perfect smiles without the hefty price tag. Authentic Aesthetics We prioritize quality, providing premium porcelain veneers for unmatched durability and natural beauty. No shortcuts, no compromises. Unbeatable Value Elevate your smile without emptying your wallet. Deluxe Smile Design&hellip;","_links":{"self":[{"href":"https:\/\/deluxesmiledesign.com\/es\/wp-json\/wp\/v2\/pages\/141","targetHints":{"allow":["GET"]}}],"collection":[{"href":"https:\/\/deluxesmiledesign.com\/es\/wp-json\/wp\/v2\/pages"}],"about":[{"href":"https:\/\/deluxesmiledesign.com\/es\/wp-json\/wp\/v2\/types\/page"}],"author":[{"embeddable":true,"href":"https:\/\/deluxesmiledesign.com\/es\/wp-json\/wp\/v2\/users\/1"}],"replies":[{"embeddable":true,"href":"https:\/\/deluxesmiledesign.com\/es\/wp-json\/wp\/v2\/comments?post=141"}],"version-history":[{"count":29,"href":"https:\/\/deluxesmiledesign.com\/es\/wp-json\/wp\/v2\/pages\/141\/revisions"}],"predecessor-version":[{"id":4385,"href":"https:\/\/deluxesmiledesign.com\/es\/wp-json\/wp\/v2\/pages\/141\/revisions\/4385"}],"wp:attachment":[{"href":"https:\/\/deluxesmiledesign.com\/es\/wp-json\/wp\/v2\/media?parent=141"}],"curies":[{"name":"wp","href":"https:\/\/api.w.org\/{rel}","templated":true}]}}